{"id":5091,"date":"2021-09-10T08:15:13","date_gmt":"2021-09-10T06:15:13","guid":{"rendered":"https:\/\/patrick-lemarie-consulting.com\/?page_id=5091"},"modified":"2024-04-11T05:17:24","modified_gmt":"2024-04-11T03:17:24","slug":"conditions-generales-de-vente","status":"publish","type":"page","link":"https:\/\/patrick-lemarie-consulting.com\/es\/conditions-generales-de-vente\/","title":{"rendered":"Conditions G\u00e9n\u00e9rales de Vente"},"content":{"rendered":"<div data-elementor-type=\"wp-page\" data-elementor-id=\"5091\" class=\"elementor elementor-5091\">\n\t\t\t\t\t\t<section class=\"elementor-section elementor-top-section elementor-element elementor-element-ceab893 elementor-section-boxed elementor-section-height-default elementor-section-height-default\" data-id=\"ceab893\" data-element_type=\"section\" data-e-type=\"section\">\n\t\t\t\t\t\t<div class=\"elementor-container elementor-column-gap-default\">\n\t\t\t\t\t<div class=\"elementor-column elementor-col-100 elementor-top-column elementor-element elementor-element-d9aa167\" data-id=\"d9aa167\" data-element_type=\"column\" data-e-type=\"column\">\n\t\t\t<div class=\"elementor-widget-wrap elementor-element-populated\">\n\t\t\t\t\t\t<div class=\"elementor-element elementor-element-4df92eb elementor-widget elementor-widget-text-editor\" data-id=\"4df92eb\" data-element_type=\"widget\" data-e-type=\"widget\" data-widget_type=\"text-editor.default\">\n\t\t\t\t<div class=\"elementor-widget-container\">\n\t\t\t\t\t\t\t\t\t<p style=\"text-align: center;\"><strong>Conditions G\u00e9n\u00e9rales de Vente<\/strong><\/p><p>Veuillez consulter les Conditions G\u00e9n\u00e9rales de vente de la Soci\u00e9t\u00e9 Lemari\u00e9 Consulting International SARLU, administratrice du site web https:\/\/patrick-lemarie-consulting.com<\/p><p style=\"text-align: center;\"><strong>Conditions G\u00e9n\u00e9rales de Vente :<\/strong><\/p><p><a href=\"https:\/\/lemarie-consulting-international.com\/conditions-generales-de-vente\" target=\"_blank\" rel=\"noopener\">https:\/\/lemarie-consulting-international.com\/conditions-generales-de-vente<\/a><\/p><p style=\"text-align: center;\"><strong>Conditions G\u00e9n\u00e9rales de Vente Formation<\/strong><br \/><a href=\"https:\/\/lemarie-consulting-international.com\/conditions-generales-de-vente-formation\">https:\/\/lemarie-consulting-international.com\/conditions-generales-de-vente-formation<\/a><\/p><p style=\"text-align: center;\"><strong>Conditions G\u00e9n\u00e9rales de Vente Traduction &amp; Conseil<\/strong><br \/><a href=\"https:\/\/lemarie-consulting-international.com\/conditions-generales-de-vente-conseil-traduction-interpretation\">https:\/\/lemarie-consulting-international.com\/conditions-generales-de-vente-conseil-traduction-interpretation<\/a><\/p><p style=\"text-align: center;\">Actualis\u00e9 le 11 4 2024<\/p>\t\t\t\t\t\t\t\t<\/div>\n\t\t\t\t<\/div>\n\t\t\t\t\t<\/div>\n\t\t<\/div>\n\t\t\t\t\t<\/div>\n\t\t<\/section>\n\t\t\t\t<\/div>","protected":false},"excerpt":{"rendered":"<p>Conditions G\u00e9n\u00e9rales de Vente Veuillez consulter les Conditions G\u00e9n\u00e9rales de vente de la Soci\u00e9t\u00e9 Lemari\u00e9 Consulting International SARLU, administratrice du site web https:\/\/patrick-lemarie-consulting.com Conditions G\u00e9n\u00e9rales de Vente : https:\/\/lemarie-consulting-international.com\/conditions-generales-de-vente Conditions G\u00e9n\u00e9rales de Vente Formationhttps:\/\/lemarie-consulting-international.com\/conditions-generales-de-vente-formation Conditions G\u00e9n\u00e9rales de Vente Traduction &amp; Conseilhttps:\/\/lemarie-consulting-international.com\/conditions-generales-de-vente-conseil-traduction-interpretation Actualis\u00e9 le 11 4 2024<\/p>","protected":false},"author":1,"featured_media":1810,"parent":0,"menu_order":3,"comment_status":"closed","ping_status":"closed","template":"","meta":{"_monsterinsights_skip_tracking":false,"_monsterinsights_sitenote_active":false,"_monsterinsights_sitenote_note":"","_monsterinsights_sitenote_category":0,"footnotes":""},"class_list":["post-5091","page","type-page","status-publish","has-post-thumbnail","hentry"],"yoast_head":"<!-- This site is optimized with the Yoast SEO Premium plugin v26.7 (Yoast SEO v26.7) - https:\/\/yoast.com\/wordpress\/plugins\/seo\/ -->\n<title>Conditions G\u00e9n\u00e9rales de Vente - Patrick Lemarie Consulting<\/title>\n<meta name=\"robots\" content=\"index, follow, max-snippet:-1, max-image-preview:large, max-video-preview:-1\" \/>\n<link rel=\"canonical\" href=\"https:\/\/patrick-lemarie-consulting.com\/es\/conditions-generales-de-vente\/\" \/>\n<meta property=\"og:locale\" content=\"es_ES\" \/>\n<meta property=\"og:type\" content=\"article\" \/>\n<meta property=\"og:title\" content=\"Conditions G\u00e9n\u00e9rales de Vente\" \/>\n<meta property=\"og:description\" content=\"Conditions G\u00e9n\u00e9rales de Vente Veuillez consulter les Conditions G\u00e9n\u00e9rales de vente de la Soci\u00e9t\u00e9 Lemari\u00e9 Consulting International SARLU, administratrice du site web https:\/\/patrick-lemarie-consulting.com Conditions G\u00e9n\u00e9rales de Vente : https:\/\/lemarie-consulting-international.com\/conditions-generales-de-vente Conditions G\u00e9n\u00e9rales de Vente Formationhttps:\/\/lemarie-consulting-international.com\/conditions-generales-de-vente-formation Conditions G\u00e9n\u00e9rales de Vente Traduction &amp; Conseilhttps:\/\/lemarie-consulting-international.com\/conditions-generales-de-vente-conseil-traduction-interpretation Actualis\u00e9 le 11 4 2024\" \/>\n<meta property=\"og:url\" content=\"https:\/\/patrick-lemarie-consulting.com\/es\/conditions-generales-de-vente\/\" \/>\n<meta property=\"og:site_name\" content=\"Patrick Lemarie Consulting\" \/>\n<meta property=\"article:modified_time\" content=\"2024-04-11T03:17:24+00:00\" \/>\n<meta property=\"og:image\" content=\"https:\/\/patrick-lemarie-consulting.com\/wp-content\/uploads\/2018\/04\/PLC.png\" \/>\n\t<meta property=\"og:image:width\" content=\"151\" \/>\n\t<meta property=\"og:image:height\" content=\"150\" \/>\n\t<meta property=\"og:image:type\" content=\"image\/png\" \/>\n<meta name=\"twitter:label1\" content=\"Tiempo de lectura\" \/>\n\t<meta name=\"twitter:data1\" content=\"1 minuto\" \/>\n<script type=\"application\/ld+json\" class=\"yoast-schema-graph\">{\"@context\":\"https:\/\/schema.org\",\"@graph\":[{\"@type\":\"WebPage\",\"@id\":\"https:\/\/patrick-lemarie-consulting.com\/conditions-generales-de-vente\/\",\"url\":\"https:\/\/patrick-lemarie-consulting.com\/conditions-generales-de-vente\/\",\"name\":\"Conditions G\u00e9n\u00e9rales de Vente - Patrick Lemarie Consulting\",\"isPartOf\":{\"@id\":\"https:\/\/patrick-lemarie-consulting.com\/#website\"},\"primaryImageOfPage\":{\"@id\":\"https:\/\/patrick-lemarie-consulting.com\/conditions-generales-de-vente\/#primaryimage\"},\"image\":{\"@id\":\"https:\/\/patrick-lemarie-consulting.com\/conditions-generales-de-vente\/#primaryimage\"},\"thumbnailUrl\":\"https:\/\/patrick-lemarie-consulting.com\/wp-content\/uploads\/2018\/04\/PLC.png\",\"datePublished\":\"2021-09-10T06:15:13+00:00\",\"dateModified\":\"2024-04-11T03:17:24+00:00\",\"breadcrumb\":{\"@id\":\"https:\/\/patrick-lemarie-consulting.com\/conditions-generales-de-vente\/#breadcrumb\"},\"inLanguage\":\"es\",\"potentialAction\":[{\"@type\":\"ReadAction\",\"target\":[\"https:\/\/patrick-lemarie-consulting.com\/conditions-generales-de-vente\/\"]}]},{\"@type\":\"ImageObject\",\"inLanguage\":\"es\",\"@id\":\"https:\/\/patrick-lemarie-consulting.com\/conditions-generales-de-vente\/#primaryimage\",\"url\":\"https:\/\/patrick-lemarie-consulting.com\/wp-content\/uploads\/2018\/04\/PLC.png\",\"contentUrl\":\"https:\/\/patrick-lemarie-consulting.com\/wp-content\/uploads\/2018\/04\/PLC.png\",\"width\":151,\"height\":150,\"caption\":\"Conditions G\u00e9n\u00e9rales de Vente Patrick Lemari\u00e9 Consulting\"},{\"@type\":\"BreadcrumbList\",\"@id\":\"https:\/\/patrick-lemarie-consulting.com\/conditions-generales-de-vente\/#breadcrumb\",\"itemListElement\":[{\"@type\":\"ListItem\",\"position\":1,\"name\":\"Accueil\",\"item\":\"https:\/\/patrick-lemarie-consulting.com\/\"},{\"@type\":\"ListItem\",\"position\":2,\"name\":\"Conditions G\u00e9n\u00e9rales de Vente\"}]},{\"@type\":\"WebSite\",\"@id\":\"https:\/\/patrick-lemarie-consulting.com\/#website\",\"url\":\"https:\/\/patrick-lemarie-consulting.com\/\",\"name\":\"Patrick Lemarie Consulting\",\"description\":\"Un pont entre les cultures et les langues\",\"publisher\":{\"@id\":\"https:\/\/patrick-lemarie-consulting.com\/#organization\"},\"potentialAction\":[{\"@type\":\"SearchAction\",\"target\":{\"@type\":\"EntryPoint\",\"urlTemplate\":\"https:\/\/patrick-lemarie-consulting.com\/?s={search_term_string}\"},\"query-input\":{\"@type\":\"PropertyValueSpecification\",\"valueRequired\":true,\"valueName\":\"search_term_string\"}}],\"inLanguage\":\"es\"},{\"@type\":\"Organization\",\"@id\":\"https:\/\/patrick-lemarie-consulting.com\/#organization\",\"name\":\"PATRICK LEMARIE CONSULTING\",\"url\":\"https:\/\/patrick-lemarie-consulting.com\/\",\"logo\":{\"@type\":\"ImageObject\",\"inLanguage\":\"es\",\"@id\":\"https:\/\/patrick-lemarie-consulting.com\/#\/schema\/logo\/image\/\",\"url\":\"https:\/\/patrick-lemarie-consulting.com\/wp-content\/uploads\/2018\/04\/Fichier-1-1-1.png\",\"contentUrl\":\"https:\/\/patrick-lemarie-consulting.com\/wp-content\/uploads\/2018\/04\/Fichier-1-1-1.png\",\"width\":174,\"height\":50,\"caption\":\"PATRICK LEMARIE CONSULTING\"},\"image\":{\"@id\":\"https:\/\/patrick-lemarie-consulting.com\/#\/schema\/logo\/image\/\"},\"sameAs\":[\"https:\/\/x.com\/PL_Formation\",\"https:\/\/www.linkedin.com\/in\/patricklemarieconsulting\/\"]}]}<\/script>\n<!-- \/ Yoast SEO Premium plugin. -->","yoast_head_json":{"title":"Conditions G\u00e9n\u00e9rales de Vente - Patrick Lemarie Consulting","robots":{"index":"index","follow":"follow","max-snippet":"max-snippet:-1","max-image-preview":"max-image-preview:large","max-video-preview":"max-video-preview:-1"},"canonical":"https:\/\/patrick-lemarie-consulting.com\/es\/conditions-generales-de-vente\/","og_locale":"es_ES","og_type":"article","og_title":"Conditions G\u00e9n\u00e9rales de Vente","og_description":"Conditions G\u00e9n\u00e9rales de Vente Veuillez consulter les Conditions G\u00e9n\u00e9rales de vente de la Soci\u00e9t\u00e9 Lemari\u00e9 Consulting International SARLU, administratrice du site web https:\/\/patrick-lemarie-consulting.com Conditions G\u00e9n\u00e9rales de Vente : https:\/\/lemarie-consulting-international.com\/conditions-generales-de-vente Conditions G\u00e9n\u00e9rales de Vente Formationhttps:\/\/lemarie-consulting-international.com\/conditions-generales-de-vente-formation Conditions G\u00e9n\u00e9rales de Vente Traduction &amp; Conseilhttps:\/\/lemarie-consulting-international.com\/conditions-generales-de-vente-conseil-traduction-interpretation Actualis\u00e9 le 11 4 2024","og_url":"https:\/\/patrick-lemarie-consulting.com\/es\/conditions-generales-de-vente\/","og_site_name":"Patrick Lemarie Consulting","article_modified_time":"2024-04-11T03:17:24+00:00","og_image":[{"width":151,"height":150,"url":"https:\/\/patrick-lemarie-consulting.com\/wp-content\/uploads\/2018\/04\/PLC.png","type":"image\/png"}],"twitter_misc":{"Tiempo de lectura":"1 minuto"},"schema":{"@context":"https:\/\/schema.org","@graph":[{"@type":"WebPage","@id":"https:\/\/patrick-lemarie-consulting.com\/conditions-generales-de-vente\/","url":"https:\/\/patrick-lemarie-consulting.com\/conditions-generales-de-vente\/","name":"Conditions G\u00e9n\u00e9rales de Vente - Patrick Lemarie Consulting","isPartOf":{"@id":"https:\/\/patrick-lemarie-consulting.com\/#website"},"primaryImageOfPage":{"@id":"https:\/\/patrick-lemarie-consulting.com\/conditions-generales-de-vente\/#primaryimage"},"image":{"@id":"https:\/\/patrick-lemarie-consulting.com\/conditions-generales-de-vente\/#primaryimage"},"thumbnailUrl":"https:\/\/patrick-lemarie-consulting.com\/wp-content\/uploads\/2018\/04\/PLC.png","datePublished":"2021-09-10T06:15:13+00:00","dateModified":"2024-04-11T03:17:24+00:00","breadcrumb":{"@id":"https:\/\/patrick-lemarie-consulting.com\/conditions-generales-de-vente\/#breadcrumb"},"inLanguage":"es","potentialAction":[{"@type":"ReadAction","target":["https:\/\/patrick-lemarie-consulting.com\/conditions-generales-de-vente\/"]}]},{"@type":"ImageObject","inLanguage":"es","@id":"https:\/\/patrick-lemarie-consulting.com\/conditions-generales-de-vente\/#primaryimage","url":"https:\/\/patrick-lemarie-consulting.com\/wp-content\/uploads\/2018\/04\/PLC.png","contentUrl":"https:\/\/patrick-lemarie-consulting.com\/wp-content\/uploads\/2018\/04\/PLC.png","width":151,"height":150,"caption":"Conditions G\u00e9n\u00e9rales de Vente Patrick Lemari\u00e9 Consulting"},{"@type":"BreadcrumbList","@id":"https:\/\/patrick-lemarie-consulting.com\/conditions-generales-de-vente\/#breadcrumb","itemListElement":[{"@type":"ListItem","position":1,"name":"Accueil","item":"https:\/\/patrick-lemarie-consulting.com\/"},{"@type":"ListItem","position":2,"name":"Conditions G\u00e9n\u00e9rales de Vente"}]},{"@type":"WebSite","@id":"https:\/\/patrick-lemarie-consulting.com\/#website","url":"https:\/\/patrick-lemarie-consulting.com\/","name":"Patrick Lemarie Consulting Traducci\u00f3n del franc\u00e9s al ingl\u00e9s Clases de franc\u00e9s","description":"Un puente entre culturas y idiomas","publisher":{"@id":"https:\/\/patrick-lemarie-consulting.com\/#organization"},"potentialAction":[{"@type":"SearchAction","target":{"@type":"EntryPoint","urlTemplate":"https:\/\/patrick-lemarie-consulting.com\/?s={search_term_string}"},"query-input":{"@type":"PropertyValueSpecification","valueRequired":true,"valueName":"search_term_string"}}],"inLanguage":"es"},{"@type":"Organization","@id":"https:\/\/patrick-lemarie-consulting.com\/#organization","name":"PATRICK LEMARIE CONSULTING","url":"https:\/\/patrick-lemarie-consulting.com\/","logo":{"@type":"ImageObject","inLanguage":"es","@id":"https:\/\/patrick-lemarie-consulting.com\/#\/schema\/logo\/image\/","url":"https:\/\/patrick-lemarie-consulting.com\/wp-content\/uploads\/2018\/04\/Fichier-1-1-1.png","contentUrl":"https:\/\/patrick-lemarie-consulting.com\/wp-content\/uploads\/2018\/04\/Fichier-1-1-1.png","width":174,"height":50,"caption":"PATRICK LEMARIE CONSULTING"},"image":{"@id":"https:\/\/patrick-lemarie-consulting.com\/#\/schema\/logo\/image\/"},"sameAs":["https:\/\/x.com\/PL_Formation","https:\/\/www.linkedin.com\/in\/patricklemarieconsulting\/"]}]}},"_links":{"self":[{"href":"https:\/\/patrick-lemarie-consulting.com\/es\/wp-json\/wp\/v2\/pages\/5091","targetHints":{"allow":["GET"]}}],"collection":[{"href":"https:\/\/patrick-lemarie-consulting.com\/es\/wp-json\/wp\/v2\/pages"}],"about":[{"href":"https:\/\/patrick-lemarie-consulting.com\/es\/wp-json\/wp\/v2\/types\/page"}],"author":[{"embeddable":true,"href":"https:\/\/patrick-lemarie-consulting.com\/es\/wp-json\/wp\/v2\/users\/1"}],"replies":[{"embeddable":true,"href":"https:\/\/patrick-lemarie-consulting.com\/es\/wp-json\/wp\/v2\/comments?post=5091"}],"version-history":[{"count":61,"href":"https:\/\/patrick-lemarie-consulting.com\/es\/wp-json\/wp\/v2\/pages\/5091\/revisions"}],"predecessor-version":[{"id":6242,"href":"https:\/\/patrick-lemarie-consulting.com\/es\/wp-json\/wp\/v2\/pages\/5091\/revisions\/6242"}],"wp:featuredmedia":[{"embeddable":true,"href":"https:\/\/patrick-lemarie-consulting.com\/es\/wp-json\/wp\/v2\/media\/1810"}],"wp:attachment":[{"href":"https:\/\/patrick-lemarie-consulting.com\/es\/wp-json\/wp\/v2\/media?parent=5091"}],"curies":[{"name":"wp","href":"https:\/\/api.w.org\/{rel}","templated":true}]}}