{"id":35,"date":"2014-07-19T16:57:50","date_gmt":"2014-07-19T14:57:50","guid":{"rendered":"https:\/\/patrick-lemarie-consulting.com\/?page_id=35"},"modified":"2025-04-26T10:28:02","modified_gmt":"2025-04-26T08:28:02","slug":"mentions-legales","status":"publish","type":"page","link":"https:\/\/patrick-lemarie-consulting.com\/es\/aviso-legal\/","title":{"rendered":"Aviso legal"},"content":{"rendered":"<div data-elementor-type=\"wp-post\" data-elementor-id=\"35\" class=\"elementor elementor-35\">\n\t\t\t\t\t\t<section class=\"elementor-section elementor-top-section elementor-element elementor-element-4a979a74 elementor-section-height-min-height elementor-section-content-middle elementor-section-boxed elementor-section-height-default elementor-section-items-middle\" data-id=\"4a979a74\" data-element_type=\"section\" data-e-type=\"section\" data-settings=\"{&quot;background_background&quot;:&quot;classic&quot;}\">\n\t\t\t\t\t\t\t<div class=\"elementor-background-overlay\"><\/div>\n\t\t\t\t\t\t\t<div class=\"elementor-container elementor-column-gap-default\">\n\t\t\t\t\t<div class=\"elementor-column elementor-col-100 elementor-top-column elementor-element elementor-element-72869c1\" data-id=\"72869c1\" data-element_type=\"column\" data-e-type=\"column\">\n\t\t\t<div class=\"elementor-widget-wrap elementor-element-populated\">\n\t\t\t\t\t\t<div class=\"elementor-element elementor-element-2cf8814e elementor-widget elementor-widget-heading\" data-id=\"2cf8814e\" data-element_type=\"widget\" data-e-type=\"widget\" data-widget_type=\"heading.default\">\n\t\t\t\t<div class=\"elementor-widget-container\">\n\t\t\t\t\t<h1 class=\"elementor-heading-title elementor-size-default\">Aviso legal<\/h1>\t\t\t\t<\/div>\n\t\t\t\t<\/div>\n\t\t\t\t\t<\/div>\n\t\t<\/div>\n\t\t\t\t\t<\/div>\n\t\t<\/section>\n\t\t\t\t<section class=\"elementor-section elementor-top-section elementor-element elementor-element-83eaf3e elementor-section-boxed elementor-section-height-default elementor-section-height-default\" data-id=\"83eaf3e\" data-element_type=\"section\" data-e-type=\"section\">\n\t\t\t\t\t\t<div class=\"elementor-container elementor-column-gap-default\">\n\t\t\t\t\t<div class=\"elementor-column elementor-col-66 elementor-top-column elementor-element elementor-element-9db12d8\" data-id=\"9db12d8\" data-element_type=\"column\" data-e-type=\"column\">\n\t\t\t<div class=\"elementor-widget-wrap elementor-element-populated\">\n\t\t\t\t\t\t<div class=\"elementor-element elementor-element-8c8899d elementor-widget elementor-widget-text-editor\" data-id=\"8c8899d\" data-element_type=\"widget\" data-e-type=\"widget\" data-widget_type=\"text-editor.default\">\n\t\t\t\t<div class=\"elementor-widget-container\">\n\t\t\t\t\t\t\t\t\t<p><span style=\"font-size: inherit;\">Le site web&nbsp;<\/span><\/p>\n<p><a href=\"https:\/\/patrick-lemarie-consulting.com\/es\/\" target=\"_blank\" rel=\"noopener\">https:\/\/patrick-lemarie-consulting.com\/<\/a><\/p>\n<p><span style=\"font-size: inherit;\">est la propri\u00e9t\u00e9 de la soci\u00e9t\u00e9 Lemari\u00e9 consulting International SARLU, Soci\u00e9t\u00e9 \u00e0 Responsabilit\u00e9 Limit\u00e9e Unipersonnelle, soci\u00e9t\u00e9 de droit malgache enregistr\u00e9e au r\u00e9pertoire des soci\u00e9t\u00e9s commerciales de l&rsquo;Economic Development Board of Antananarivo, Madagascar, EDBM<\/span><\/p>\n<p><a href=\"https:\/\/edbm.mg\/entreprise\/lemarie-consulting-international-sarlu\/\" target=\"_blank\" rel=\"noopener\">https:\/\/edbm.mg\/entreprise\/lemarie-consulting-international-sarlu\/<\/a><\/p>\n<p>contact@lemarie-consulting-international.com<\/p>\n<p>Toute reproduction, repr\u00e9sentation, traduction, adaptation, ou citation qu\u2019elle soit int\u00e9grale ou partielle, quelque en soit le proc\u00e9d\u00e9, est strictement interdite sans autorisation, sauf cas pr\u00e9vus par l\u2019article L.122-5 du code de la propri\u00e9t\u00e9 intellectuelle. Toute reproduction en dehors des contenus sp\u00e9cifi\u00e9s par une licence serait jug\u00e9 comme contrefa\u00e7on au regard de l\u2019article L.335-2 du code de la propri\u00e9t\u00e9 intellectuelle. Les marques cit\u00e9es sont la propri\u00e9t\u00e9 de leurs d\u00e9tenteurs respectifs.<\/p>\n<p>Les visuels du site web&nbsp; Patrick Lemarie Consulting ont \u00e9t\u00e9 r\u00e9alis\u00e9s par Paul Lemari\u00e9 en utilisant les ressources et les cr\u00e9ations du site https:\/\/unsplash.com\/ . Ils font partie int\u00e9grante de la marque d\u00e9pos\u00e9e.<\/p>\n<p>Cependant, les auteurs autorisent la r\u00e9utilisation des images anim\u00e9es (gifs). Il est juste demand\u00e9 de citer https:\/\/patrick-lemarie-consulting.com\/ comme source.<\/p>\n<p>El sition web&nbsp;<a href=\"https:\/\/patrick-lemarie-consulting.com\/es\/\" target=\"_blank\" rel=\"noopener\">https:\/\/patrick-lemarie-consulting.com\/&nbsp;<\/a>&nbsp;puede contener enlaces de hipertexto a otros sitios de Internet. Los enlaces a estos otros recursos te hacen salir del sitio&nbsp;<a href=\"https:\/\/patrick-lemarie-consulting.com\/es\/\" target=\"_blank\" style=\"font-weight: var( --e-global-typography-text-font-weight ); background-color: #ffffff;\" rel=\"noopener\">https:\/\/patrick-lemarie-consulting.com\/<\/a><\/p>\n<p>Nous utilisons le R\u00e8glement Europ\u00e9en sur la Protection des Donn\u00e9es \u2013 RGPD plus complet que le champ juridique du Droit Malgache en mati\u00e8re de Protection des Donn\u00e9es.<\/p>\n<p>Recopilamos datos de actividad utilizando los servicios de Google Analytics y Bing Analytics para conocer nuestras estad\u00edsticas de visitas.<\/p>\n<p>Les cookies utilis\u00e9s sur ce site regroupent votre zone d\u2019habitation et les pages que vous consultez. Ils expirent pendant ou apr\u00e8s la session, ou apr\u00e8s un d\u00e9lai ne d\u00e9passant pas 13 mois, conform\u00e9ment aux recommandations de la CNIL.<\/p>\n<p>Site h\u00e9berg\u00e9 par&nbsp;<a href=\"https:\/\/www.ionos.fr\" target=\"_blank\" style=\"font-weight: var( --e-global-typography-text-font-weight ); background-color: #ffffff;\" rel=\"noopener\">https:\/\/www.ionos.fr<\/a><\/p>\n<p>Le site web&nbsp;<a href=\"https:\/\/patrick-lemarie-consulting.com\/es\/\" target=\"_blank\" style=\"font-weight: var( --e-global-typography-text-font-weight ); background-color: #ffffff;\" rel=\"noopener\">https:\/\/www.patrick-lemarie-consulting.com\/<\/a><\/p>\n<p>et les blogs associ\u00e9s&nbsp; sont d\u00e9tenus et g\u00e9r\u00e9s par la soci\u00e9t\u00e9 Lemari\u00e9 Consulting International SARLU<\/p>\n<p>Administrateur du site : la soci\u00e9t\u00e9 Lemari\u00e9 Consulting International SARLU<\/p>\n<p>Aux fins du pr\u00e9sent site, Patrick Lemari\u00e9 Consulting ou son acronyme PLC sont d\u00e9sign\u00e9s sous le nom de \u201cPatrick Lemari\u00e9 Consulting\u201c. L\u2019utilisation des informations contenues dans ce site web est limit\u00e9e aux fins personnelles et non commerciales, sauf accord expr\u00e8s accord\u00e9 par la soci\u00e9t\u00e9 Lemari\u00e9 Consulting International SARLU, propri\u00e9taire du site web https:\/\/patrick-lemarie-consulting.com<\/p>\n<p>Droits d\u2019auteur \u00a9 Copyright Patrick Lemari\u00e9 Consulting, \u00a9 Copyright Lemari\u00e9 Consulting International, Antananarivo, Madagascar Tous droits r\u00e9serv\u00e9s. Les textes, images, graphiques, fichiers audio, vid\u00e9o et d\u2019animation ainsi que la fa\u00e7on dont ils sont pr\u00e9sent\u00e9s sur les sites de Patrick Lemari\u00e9 Consulting sont tous prot\u00e9g\u00e9s par les droits d\u2019auteur et autres droits de propri\u00e9t\u00e9 intellectuelle. Ces \u00e9l\u00e9ments ne peuvent \u00eatre copi\u00e9s en vue d\u2019une diffusion ou utilisation commerciale, ni \u00eatre modifi\u00e9s ou repris sur d\u2019autres sites. Certains sites associ\u00e9s ou blogs peuvent contenir des images dont les droits d\u2019auteur sont d\u00e9tenus par des tiers.<\/p>\n<p>Limitation de responsabilit\u00e9 Les informations de ce site web sont fournies \u201cen l\u2019\u00e9tat\u201d et sans garantie d\u2019aucune nature, expresse ou implicite, y compris, \u00e0 titre non limitatif, toute garantie implicite de qualit\u00e9 marchande, d\u2019ad\u00e9quation \u00e0 un usage particulier, ou de non-violation des droits de tiers. Bien que les informations fournies soient pr\u00e9sum\u00e9es exactes, elles peuvent contenir des erreurs ou des inexactitudes. La soci\u00e9t\u00e9 Lemari\u00e9 Consulting International SARLU, propri\u00e9taire du pr\u00e9sent site web, d\u00e9cline toute responsabilit\u00e9 pour tout dommage particulier, indirect ou cons\u00e9cutif relatif aux pr\u00e9sentes informations, \u00e0 moins qu\u2019il ne soit le fait d\u2019une n\u00e9gligence grave ou d\u2019une faute intentionnelle.<\/p>\n<p>Liens vers des sites tiers : Patrick Lemari\u00e9 Consulting n\u2019est pas responsable des informations de sites web g\u00e9r\u00e9s par des tiers et d\u00e9cline d\u00e8s lors toute responsabilit\u00e9 de tout lien depuis ce site vers des sites ext\u00e9rieurs.<\/p>\n<p>Marques Patrick Lemari\u00e9 Consulting, son acronyme associ\u00e9 \u00ab PLC \u00bb, et le logo \u00ab PLC\u00bb et \u00ab PL sont des marques de \u00ab\u00a0Patrick Lemari\u00e9 Consulting\u00a0\u00bb, propri\u00e9t\u00e9 de la soci\u00e9t\u00e9 Lemari\u00e9 Consulting International SARLU. Toutes les autres marques appartiennent \u00e0 leurs propri\u00e9taires respectifs.<\/p>\n<p>Actualis\u00e9 le 26 4 2025<\/p>\n<p><\/p>\t\t\t\t\t\t\t\t<\/div>\n\t\t\t\t<\/div>\n\t\t\t\t\t<\/div>\n\t\t<\/div>\n\t\t\t\t<div class=\"elementor-column elementor-col-33 elementor-top-column elementor-element elementor-element-0f35178\" data-id=\"0f35178\" data-element_type=\"column\" data-e-type=\"column\">\n\t\t\t<div class=\"elementor-widget-wrap\">\n\t\t\t\t\t\t\t<\/div>\n\t\t<\/div>\n\t\t\t\t\t<\/div>\n\t\t<\/section>\n\t\t\t\t<section class=\"elementor-section elementor-top-section elementor-element elementor-element-5c2f535 elementor-section-boxed elementor-section-height-default elementor-section-height-default\" data-id=\"5c2f535\" data-element_type=\"section\" data-e-type=\"section\">\n\t\t\t\t\t\t<div class=\"elementor-container elementor-column-gap-default\">\n\t\t\t\t\t<div class=\"elementor-column elementor-col-100 elementor-top-column elementor-element elementor-element-b4112b5\" data-id=\"b4112b5\" data-element_type=\"column\" data-e-type=\"column\">\n\t\t\t<div class=\"elementor-widget-wrap elementor-element-populated\">\n\t\t\t\t\t\t<div class=\"elementor-element elementor-element-e292537 elementor-widget elementor-widget-spacer\" data-id=\"e292537\" data-element_type=\"widget\" data-e-type=\"widget\" data-widget_type=\"spacer.default\">\n\t\t\t\t<div class=\"elementor-widget-container\">\n\t\t\t\t\t\t\t<div class=\"elementor-spacer\">\n\t\t\t<div class=\"elementor-spacer-inner\"><\/div>\n\t\t<\/div>\n\t\t\t\t\t\t<\/div>\n\t\t\t\t<\/div>\n\t\t\t\t\t<\/div>\n\t\t<\/div>\n\t\t\t\t\t<\/div>\n\t\t<\/section>\n\t\t\t\t<\/div>","protected":false},"excerpt":{"rendered":"<p>Mentions l\u00e9gales Le site web&nbsp; https:\/\/patrick-lemarie-consulting.com\/ est la propri\u00e9t\u00e9 de la soci\u00e9t\u00e9 Lemari\u00e9 consulting International SARLU, Soci\u00e9t\u00e9 \u00e0 Responsabilit\u00e9 Limit\u00e9e Unipersonnelle, soci\u00e9t\u00e9 de droit malgache enregistr\u00e9e au r\u00e9pertoire des soci\u00e9t\u00e9s commerciales de l&rsquo;Economic Development Board of Antananarivo, Madagascar, EDBM https:\/\/edbm.mg\/entreprise\/lemarie-consulting-international-sarlu\/ contact@lemarie-consulting-international.com Toute reproduction, repr\u00e9sentation, traduction, adaptation, ou citation qu\u2019elle soit [&hellip;]<\/p>","protected":false},"author":1,"featured_media":1810,"parent":0,"menu_order":2,"comment_status":"closed","ping_status":"closed","template":"","meta":{"_monsterinsights_skip_tracking":false,"_monsterinsights_sitenote_active":false,"_monsterinsights_sitenote_note":"","_monsterinsights_sitenote_category":0,"footnotes":""},"class_list":["post-35","page","type-page","status-publish","has-post-thumbnail","hentry"],"yoast_head":"<!-- This site is optimized with the Yoast SEO Premium plugin v26.7 (Yoast SEO v26.7) - https:\/\/yoast.com\/wordpress\/plugins\/seo\/ -->\n<title>Mentions l\u00e9gales | Patrick Lemarie Consulting<\/title>\n<meta name=\"description\" content=\"Les sites web de Patrick Lemari\u00e9 Formation : https:\/\/www.patrick-lemarie-consulting.com\/ http:\/\/www.patrick-lemarie-formation.fr\/et les blogs associ\u00e9s : et http:\/\/patricklemarieformationenglish.wordpress.com\/ sont d\u00e9tenus et g\u00e9r\u00e9s par Patrick Lemari\u00e9 Formation.\" \/>\n<meta name=\"robots\" content=\"index, follow, max-snippet:-1, max-image-preview:large, max-video-preview:-1\" \/>\n<link rel=\"canonical\" href=\"https:\/\/patrick-lemarie-consulting.com\/es\/mentions-legales\/\" \/>\n<meta property=\"og:locale\" content=\"es_ES\" \/>\n<meta property=\"og:type\" content=\"article\" \/>\n<meta property=\"og:title\" content=\"Mentions l\u00e9gales\" \/>\n<meta property=\"og:description\" content=\"Les sites web de Patrick Lemari\u00e9 Formation : https:\/\/www.patrick-lemarie-consulting.com\/ http:\/\/www.patrick-lemarie-formation.fr\/et les blogs associ\u00e9s : et http:\/\/patricklemarieformationenglish.wordpress.com\/ sont d\u00e9tenus et g\u00e9r\u00e9s par Patrick Lemari\u00e9 Formation.\" \/>\n<meta property=\"og:url\" content=\"https:\/\/patrick-lemarie-consulting.com\/es\/mentions-legales\/\" \/>\n<meta property=\"og:site_name\" content=\"Patrick Lemarie Consulting\" \/>\n<meta property=\"article:modified_time\" content=\"2025-04-26T08:28:02+00:00\" \/>\n<meta property=\"og:image\" content=\"https:\/\/patrick-lemarie-consulting.com\/wp-content\/uploads\/2018\/04\/PLC.png\" \/>\n\t<meta property=\"og:image:width\" content=\"151\" \/>\n\t<meta property=\"og:image:height\" content=\"150\" \/>\n\t<meta property=\"og:image:type\" content=\"image\/png\" \/>\n<meta name=\"twitter:label1\" content=\"Tiempo de lectura\" \/>\n\t<meta name=\"twitter:data1\" content=\"4 minutos\" \/>\n<script type=\"application\/ld+json\" class=\"yoast-schema-graph\">{\"@context\":\"https:\/\/schema.org\",\"@graph\":[{\"@type\":\"WebPage\",\"@id\":\"https:\/\/patrick-lemarie-consulting.com\/mentions-legales\/\",\"url\":\"https:\/\/patrick-lemarie-consulting.com\/mentions-legales\/\",\"name\":\"Mentions l\u00e9gales | Patrick Lemarie Consulting\",\"isPartOf\":{\"@id\":\"https:\/\/patrick-lemarie-consulting.com\/#website\"},\"primaryImageOfPage\":{\"@id\":\"https:\/\/patrick-lemarie-consulting.com\/mentions-legales\/#primaryimage\"},\"image\":{\"@id\":\"https:\/\/patrick-lemarie-consulting.com\/mentions-legales\/#primaryimage\"},\"thumbnailUrl\":\"https:\/\/patrick-lemarie-consulting.com\/wp-content\/uploads\/2018\/04\/PLC.png\",\"datePublished\":\"2014-07-19T14:57:50+00:00\",\"dateModified\":\"2025-04-26T08:28:02+00:00\",\"description\":\"Les sites web de Patrick Lemari\u00e9 Formation : https:\/\/www.patrick-lemarie-consulting.com\/ http:\/\/www.patrick-lemarie-formation.fr\/et les blogs associ\u00e9s : et http:\/\/patricklemarieformationenglish.wordpress.com\/ sont d\u00e9tenus et g\u00e9r\u00e9s par Patrick Lemari\u00e9 Formation.\",\"breadcrumb\":{\"@id\":\"https:\/\/patrick-lemarie-consulting.com\/mentions-legales\/#breadcrumb\"},\"inLanguage\":\"es\",\"potentialAction\":[{\"@type\":\"ReadAction\",\"target\":[\"https:\/\/patrick-lemarie-consulting.com\/mentions-legales\/\"]}]},{\"@type\":\"ImageObject\",\"inLanguage\":\"es\",\"@id\":\"https:\/\/patrick-lemarie-consulting.com\/mentions-legales\/#primaryimage\",\"url\":\"https:\/\/patrick-lemarie-consulting.com\/wp-content\/uploads\/2018\/04\/PLC.png\",\"contentUrl\":\"https:\/\/patrick-lemarie-consulting.com\/wp-content\/uploads\/2018\/04\/PLC.png\",\"width\":151,\"height\":150,\"caption\":\"Conditions G\u00e9n\u00e9rales de Vente Patrick Lemari\u00e9 Consulting\"},{\"@type\":\"BreadcrumbList\",\"@id\":\"https:\/\/patrick-lemarie-consulting.com\/mentions-legales\/#breadcrumb\",\"itemListElement\":[{\"@type\":\"ListItem\",\"position\":1,\"name\":\"Accueil\",\"item\":\"https:\/\/patrick-lemarie-consulting.com\/\"},{\"@type\":\"ListItem\",\"position\":2,\"name\":\"Mentions l\u00e9gales\"}]},{\"@type\":\"WebSite\",\"@id\":\"https:\/\/patrick-lemarie-consulting.com\/#website\",\"url\":\"https:\/\/patrick-lemarie-consulting.com\/\",\"name\":\"Patrick Lemarie Consulting\",\"description\":\"Un pont entre les cultures et les langues\",\"publisher\":{\"@id\":\"https:\/\/patrick-lemarie-consulting.com\/#organization\"},\"potentialAction\":[{\"@type\":\"SearchAction\",\"target\":{\"@type\":\"EntryPoint\",\"urlTemplate\":\"https:\/\/patrick-lemarie-consulting.com\/?s={search_term_string}\"},\"query-input\":{\"@type\":\"PropertyValueSpecification\",\"valueRequired\":true,\"valueName\":\"search_term_string\"}}],\"inLanguage\":\"es\"},{\"@type\":\"Organization\",\"@id\":\"https:\/\/patrick-lemarie-consulting.com\/#organization\",\"name\":\"PATRICK LEMARIE CONSULTING\",\"url\":\"https:\/\/patrick-lemarie-consulting.com\/\",\"logo\":{\"@type\":\"ImageObject\",\"inLanguage\":\"es\",\"@id\":\"https:\/\/patrick-lemarie-consulting.com\/#\/schema\/logo\/image\/\",\"url\":\"https:\/\/patrick-lemarie-consulting.com\/wp-content\/uploads\/2018\/04\/Fichier-1-1-1.png\",\"contentUrl\":\"https:\/\/patrick-lemarie-consulting.com\/wp-content\/uploads\/2018\/04\/Fichier-1-1-1.png\",\"width\":174,\"height\":50,\"caption\":\"PATRICK LEMARIE CONSULTING\"},\"image\":{\"@id\":\"https:\/\/patrick-lemarie-consulting.com\/#\/schema\/logo\/image\/\"},\"sameAs\":[\"https:\/\/x.com\/PL_Formation\",\"https:\/\/www.linkedin.com\/in\/patricklemarieconsulting\/\"]}]}<\/script>\n<!-- \/ Yoast SEO Premium plugin. -->","yoast_head_json":{"title":"Aviso legal Patrick Lemari\u00e9 Consulting","description":"Los sitios web de https:\/\/patrick-lemarie-consulting.com\/  y https:\/\/patrick-lemarie-formation.com\/\ny los blogs asociados son propiedad y est\u00e1n operados por Patrick Lemari\u00e9 Consulting","robots":{"index":"index","follow":"follow","max-snippet":"max-snippet:-1","max-image-preview":"max-image-preview:large","max-video-preview":"max-video-preview:-1"},"canonical":"https:\/\/patrick-lemarie-consulting.com\/es\/mentions-legales\/","og_locale":"es_ES","og_type":"article","og_title":"Mentions l\u00e9gales","og_description":"Les sites web de Patrick Lemari\u00e9 Formation : https:\/\/www.patrick-lemarie-consulting.com\/ http:\/\/www.patrick-lemarie-formation.fr\/et les blogs associ\u00e9s : et http:\/\/patricklemarieformationenglish.wordpress.com\/ sont d\u00e9tenus et g\u00e9r\u00e9s par Patrick Lemari\u00e9 Formation.","og_url":"https:\/\/patrick-lemarie-consulting.com\/es\/mentions-legales\/","og_site_name":"Patrick Lemarie Consulting","article_modified_time":"2025-04-26T08:28:02+00:00","og_image":[{"width":151,"height":150,"url":"https:\/\/patrick-lemarie-consulting.com\/wp-content\/uploads\/2018\/04\/PLC.png","type":"image\/png"}],"twitter_misc":{"Tiempo de lectura":"4 minutos"},"schema":{"@context":"https:\/\/schema.org","@graph":[{"@type":"WebPage","@id":"https:\/\/patrick-lemarie-consulting.com\/mentions-legales\/","url":"https:\/\/patrick-lemarie-consulting.com\/mentions-legales\/","name":"Aviso legal Patrick Lemari\u00e9 Consulting","isPartOf":{"@id":"https:\/\/patrick-lemarie-consulting.com\/#website"},"primaryImageOfPage":{"@id":"https:\/\/patrick-lemarie-consulting.com\/mentions-legales\/#primaryimage"},"image":{"@id":"https:\/\/patrick-lemarie-consulting.com\/mentions-legales\/#primaryimage"},"thumbnailUrl":"https:\/\/patrick-lemarie-consulting.com\/wp-content\/uploads\/2018\/04\/PLC.png","datePublished":"2014-07-19T14:57:50+00:00","dateModified":"2025-04-26T08:28:02+00:00","description":"Los sitios web de https:\/\/patrick-lemarie-consulting.com\/  y https:\/\/patrick-lemarie-formation.com\/\ny los blogs asociados son propiedad y est\u00e1n operados por Patrick Lemari\u00e9 Consulting","breadcrumb":{"@id":"https:\/\/patrick-lemarie-consulting.com\/mentions-legales\/#breadcrumb"},"inLanguage":"es","potentialAction":[{"@type":"ReadAction","target":["https:\/\/patrick-lemarie-consulting.com\/mentions-legales\/"]}]},{"@type":"ImageObject","inLanguage":"es","@id":"https:\/\/patrick-lemarie-consulting.com\/mentions-legales\/#primaryimage","url":"https:\/\/patrick-lemarie-consulting.com\/wp-content\/uploads\/2018\/04\/PLC.png","contentUrl":"https:\/\/patrick-lemarie-consulting.com\/wp-content\/uploads\/2018\/04\/PLC.png","width":151,"height":150,"caption":"Conditions G\u00e9n\u00e9rales de Vente Patrick Lemari\u00e9 Consulting"},{"@type":"BreadcrumbList","@id":"https:\/\/patrick-lemarie-consulting.com\/mentions-legales\/#breadcrumb","itemListElement":[{"@type":"ListItem","position":1,"name":"Accueil","item":"https:\/\/patrick-lemarie-consulting.com\/"},{"@type":"ListItem","position":2,"name":"Mentions l\u00e9gales"}]},{"@type":"WebSite","@id":"https:\/\/patrick-lemarie-consulting.com\/#website","url":"https:\/\/patrick-lemarie-consulting.com\/","name":"Patrick Lemarie Consulting Traducci\u00f3n del franc\u00e9s al ingl\u00e9s Clases de franc\u00e9s","description":"Un puente entre culturas y idiomas","publisher":{"@id":"https:\/\/patrick-lemarie-consulting.com\/#organization"},"potentialAction":[{"@type":"SearchAction","target":{"@type":"EntryPoint","urlTemplate":"https:\/\/patrick-lemarie-consulting.com\/?s={search_term_string}"},"query-input":{"@type":"PropertyValueSpecification","valueRequired":true,"valueName":"search_term_string"}}],"inLanguage":"es"},{"@type":"Organization","@id":"https:\/\/patrick-lemarie-consulting.com\/#organization","name":"PATRICK LEMARIE CONSULTING","url":"https:\/\/patrick-lemarie-consulting.com\/","logo":{"@type":"ImageObject","inLanguage":"es","@id":"https:\/\/patrick-lemarie-consulting.com\/#\/schema\/logo\/image\/","url":"https:\/\/patrick-lemarie-consulting.com\/wp-content\/uploads\/2018\/04\/Fichier-1-1-1.png","contentUrl":"https:\/\/patrick-lemarie-consulting.com\/wp-content\/uploads\/2018\/04\/Fichier-1-1-1.png","width":174,"height":50,"caption":"PATRICK LEMARIE CONSULTING"},"image":{"@id":"https:\/\/patrick-lemarie-consulting.com\/#\/schema\/logo\/image\/"},"sameAs":["https:\/\/x.com\/PL_Formation","https:\/\/www.linkedin.com\/in\/patricklemarieconsulting\/"]}]}},"_links":{"self":[{"href":"https:\/\/patrick-lemarie-consulting.com\/es\/wp-json\/wp\/v2\/pages\/35","targetHints":{"allow":["GET"]}}],"collection":[{"href":"https:\/\/patrick-lemarie-consulting.com\/es\/wp-json\/wp\/v2\/pages"}],"about":[{"href":"https:\/\/patrick-lemarie-consulting.com\/es\/wp-json\/wp\/v2\/types\/page"}],"author":[{"embeddable":true,"href":"https:\/\/patrick-lemarie-consulting.com\/es\/wp-json\/wp\/v2\/users\/1"}],"replies":[{"embeddable":true,"href":"https:\/\/patrick-lemarie-consulting.com\/es\/wp-json\/wp\/v2\/comments?post=35"}],"version-history":[{"count":61,"href":"https:\/\/patrick-lemarie-consulting.com\/es\/wp-json\/wp\/v2\/pages\/35\/revisions"}],"predecessor-version":[{"id":6552,"href":"https:\/\/patrick-lemarie-consulting.com\/es\/wp-json\/wp\/v2\/pages\/35\/revisions\/6552"}],"wp:featuredmedia":[{"embeddable":true,"href":"https:\/\/patrick-lemarie-consulting.com\/es\/wp-json\/wp\/v2\/media\/1810"}],"wp:attachment":[{"href":"https:\/\/patrick-lemarie-consulting.com\/es\/wp-json\/wp\/v2\/media?parent=35"}],"curies":[{"name":"wp","href":"https:\/\/api.w.org\/{rel}","templated":true}]}}