{"id":2,"date":"2014-07-19T15:21:03","date_gmt":"2014-07-19T13:21:03","guid":{"rendered":"https:\/\/patrick-lemarie-consulting.com\/?page_id=2"},"modified":"2025-01-13T12:26:29","modified_gmt":"2025-01-13T10:26:29","slug":"contact","status":"publish","type":"page","link":"https:\/\/patrick-lemarie-consulting.com\/es\/contactame\/","title":{"rendered":"Cont\u00e1ctame"},"content":{"rendered":"<div data-elementor-type=\"wp-post\" data-elementor-id=\"2\" class=\"elementor elementor-2\">\n\t\t\t\t\t\t<section class=\"elementor-section elementor-top-section elementor-element elementor-element-36c81fe6 elementor-section-height-min-height elementor-section-content-middle elementor-section-boxed elementor-section-height-default elementor-section-items-middle\" data-id=\"36c81fe6\" data-element_type=\"section\" data-e-type=\"section\" data-settings=\"{&quot;background_background&quot;:&quot;classic&quot;}\">\n\t\t\t\t\t\t\t<div class=\"elementor-background-overlay\"><\/div>\n\t\t\t\t\t\t\t<div class=\"elementor-container elementor-column-gap-default\">\n\t\t\t\t\t<div class=\"elementor-column elementor-col-100 elementor-top-column elementor-element elementor-element-201c7962\" data-id=\"201c7962\" data-element_type=\"column\" data-e-type=\"column\">\n\t\t\t<div class=\"elementor-widget-wrap elementor-element-populated\">\n\t\t\t\t\t\t<div class=\"elementor-element elementor-element-b6e14db elementor-widget elementor-widget-heading\" data-id=\"b6e14db\" data-element_type=\"widget\" data-e-type=\"widget\" data-widget_type=\"heading.default\">\n\t\t\t\t<div class=\"elementor-widget-container\">\n\t\t\t\t\t<h1 class=\"elementor-heading-title elementor-size-default\">Entrons en contact<\/h1>\t\t\t\t<\/div>\n\t\t\t\t<\/div>\n\t\t\t\t<div class=\"elementor-element elementor-element-8722ecc elementor-widget elementor-widget-text-editor\" data-id=\"8722ecc\" data-element_type=\"widget\" data-e-type=\"widget\" data-widget_type=\"text-editor.default\">\n\t\t\t\t<div class=\"elementor-widget-container\">\n\t\t\t\t\t\t\t\t\t<p><span style=\"color: #ffffff;\"><strong>Vous pouvez me contacter en utilisant le formulaire de contact\u00a0 ici. \u00a0 Je vous r\u00e9pondrai dans les meilleurs d\u00e9lais. Afin de mieux vous connaitre et bien comprendre votre demande et vos attentes, je vous propose de me les exposer ici. Je prendrai ensuite rendez-vous avec vous pour d\u00e9terminer comment r\u00e9pondre au mieux \u00e0 vos attentes et \u00e0 vos besoins.<\/strong><\/span><\/p>\t\t\t\t\t\t\t\t<\/div>\n\t\t\t\t<\/div>\n\t\t\t\t\t<\/div>\n\t\t<\/div>\n\t\t\t\t\t<\/div>\n\t\t<\/section>\n\t\t\t\t<section class=\"elementor-section elementor-top-section elementor-element elementor-element-9f069e0 elementor-section-boxed elementor-section-height-default elementor-section-height-default\" data-id=\"9f069e0\" data-element_type=\"section\" data-e-type=\"section\">\n\t\t\t\t\t\t<div class=\"elementor-container elementor-column-gap-default\">\n\t\t\t\t\t<div class=\"elementor-column elementor-col-100 elementor-top-column elementor-element elementor-element-91578ad\" data-id=\"91578ad\" data-element_type=\"column\" data-e-type=\"column\">\n\t\t\t<div class=\"elementor-widget-wrap elementor-element-populated\">\n\t\t\t\t\t\t<div class=\"elementor-element elementor-element-c54d316 elementor-widget elementor-widget-heading\" data-id=\"c54d316\" data-element_type=\"widget\" data-e-type=\"widget\" data-widget_type=\"heading.default\">\n\t\t\t\t<div class=\"elementor-widget-container\">\n\t\t\t\t\t<h2 class=\"elementor-heading-title elementor-size-default\">Formulaire de contact<\/h2>\t\t\t\t<\/div>\n\t\t\t\t<\/div>\n\t\t\t\t\t<\/div>\n\t\t<\/div>\n\t\t\t\t\t<\/div>\n\t\t<\/section>\n\t\t\t\t<section class=\"elementor-section elementor-top-section elementor-element elementor-element-9c22315 elementor-section-boxed elementor-section-height-default elementor-section-height-default\" data-id=\"9c22315\" data-element_type=\"section\" data-e-type=\"section\">\n\t\t\t\t\t\t<div class=\"elementor-container elementor-column-gap-default\">\n\t\t\t\t\t<div class=\"elementor-column elementor-col-50 elementor-top-column elementor-element elementor-element-01626c9\" data-id=\"01626c9\" data-element_type=\"column\" data-e-type=\"column\">\n\t\t\t<div class=\"elementor-widget-wrap elementor-element-populated\">\n\t\t\t\t\t\t<div class=\"elementor-element elementor-element-32b9cea elementor-widget elementor-widget-content_form_contact\" data-id=\"32b9cea\" data-element_type=\"widget\" data-e-type=\"widget\" data-widget_type=\"content_form_contact.default\">\n\t\t\t\t<div class=\"elementor-widget-container\">\n\t\t\t\t\t<form action=\"https:\/\/patrick-lemarie-consulting.com\/wp-admin\/admin-post.php\" method=\"post\" name=\"content-form-32b9cea\" id=\"content-form-32b9cea\" class=\"ti-cf-module content-form content-form-contact content_form_contact\"><input type=\"hidden\" id=\"_wpnonce_contact\" name=\"_wpnonce_contact\" value=\"d1106208ea\" \/><input type=\"hidden\" name=\"_wp_http_referer\" value=\"\/contact\/\" \/><input type=\"hidden\" name=\"action\" value=\"content_form_submit\" \/><input type=\"hidden\" name=\"form-type\" value=\"contact\" \/><input type=\"hidden\" name=\"form-builder\" value=\"elementor\" \/><input type=\"hidden\" name=\"post-id\" value=\"2\" \/><input type=\"hidden\" name=\"form-id\" value=\"32b9cea\" \/><fieldset class=\"&quot;content-form-field-text\" elementor-column elementor-col-100&quot;><label for=\"data[32b9cea][name]\" >Votre nom<span class=\"required-mark\"> *<\/span><\/label><input type=\"text\" name=\"data[32b9cea][name]\" id=\"data[32b9cea][name]\" required=\"required\"  placeholder=\"\"><\/fieldset><fieldset class=\"&quot;content-form-field-email\" elementor-column elementor-col-100&quot;><label for=\"data[32b9cea][email]\" >Email<span class=\"required-mark\"> *<\/span><\/label><input type=\"text\" name=\"data[32b9cea][email]\" id=\"data[32b9cea][email]\" required=\"required\"  placeholder=\"\"><\/fieldset><fieldset class=\"&quot;content-form-field-textarea\" elementor-column elementor-col-100&quot;><label for=\"data[32b9cea][message]\" >Message<span class=\"required-mark\"> *<\/span><\/label><textarea name=\"data[32b9cea][message]\" id=\"data[32b9cea][message]\"  required=\"required\" placeholder=\"\" cols=\"30\" rows=\"5\"><\/textarea><\/fieldset><fieldset class=\"submit-form contact\"><button type=\"submit\" name=\"submit\"  value=\"submit-contact-32b9cea\" class=\"\">Envoyer<\/button><\/fieldset><\/form>\t\t\t\t<\/div>\n\t\t\t\t<\/div>\n\t\t\t\t\t<\/div>\n\t\t<\/div>\n\t\t\t\t<div class=\"elementor-column elementor-col-50 elementor-top-column elementor-element elementor-element-6f0b91a\" data-id=\"6f0b91a\" data-element_type=\"column\" data-e-type=\"column\">\n\t\t\t<div class=\"elementor-widget-wrap\">\n\t\t\t\t\t\t\t<\/div>\n\t\t<\/div>\n\t\t\t\t\t<\/div>\n\t\t<\/section>\n\t\t\t\t<section class=\"elementor-section elementor-top-section elementor-element elementor-element-bb25d28 elementor-section-boxed elementor-section-height-default elementor-section-height-default\" data-id=\"bb25d28\" data-element_type=\"section\" data-e-type=\"section\">\n\t\t\t\t\t\t<div class=\"elementor-container elementor-column-gap-default\">\n\t\t\t\t\t<div class=\"elementor-column elementor-col-25 elementor-top-column elementor-element elementor-element-1173a80\" data-id=\"1173a80\" data-element_type=\"column\" data-e-type=\"column\">\n\t\t\t<div class=\"elementor-widget-wrap elementor-element-populated\">\n\t\t\t\t\t\t<div class=\"elementor-element elementor-element-c0b2bb6 elementor-view-default elementor-widget elementor-widget-icon\" data-id=\"c0b2bb6\" data-element_type=\"widget\" data-e-type=\"widget\" data-widget_type=\"icon.default\">\n\t\t\t\t<div class=\"elementor-widget-container\">\n\t\t\t\t\t\t\t<div class=\"elementor-icon-wrapper\">\n\t\t\t<a class=\"elementor-icon\" href=\"https:\/\/api.whatsapp.com\/send?phone=+33683392173\" target=\"_blank\">\n\t\t\t<i aria-hidden=\"true\" class=\"fas fa-phone\"><\/i>\t\t\t<\/a>\n\t\t<\/div>\n\t\t\t\t\t\t<\/div>\n\t\t\t\t<\/div>\n\t\t\t\t<div class=\"elementor-element elementor-element-f1e3ea4 elementor-widget elementor-widget-text-editor\" data-id=\"f1e3ea4\" data-element_type=\"widget\" data-e-type=\"widget\" data-widget_type=\"text-editor.default\">\n\t\t\t\t<div class=\"elementor-widget-container\">\n\t\t\t\t\t\t\t\t\t<p style=\"text-align: center;\">+261(0) 32 148 83 91<\/p>\t\t\t\t\t\t\t\t<\/div>\n\t\t\t\t<\/div>\n\t\t\t\t\t<\/div>\n\t\t<\/div>\n\t\t\t\t<div class=\"elementor-column elementor-col-25 elementor-top-column elementor-element elementor-element-ff352aa\" data-id=\"ff352aa\" data-element_type=\"column\" data-e-type=\"column\">\n\t\t\t<div class=\"elementor-widget-wrap elementor-element-populated\">\n\t\t\t\t\t\t<div class=\"elementor-element elementor-element-7290bc8 elementor-widget elementor-widget-text-editor\" data-id=\"7290bc8\" data-element_type=\"widget\" data-e-type=\"widget\" data-widget_type=\"text-editor.default\">\n\t\t\t\t<div class=\"elementor-widget-container\">\n\t\t\t\t\t\t\t\t\t<p style=\"text-align: center;\">WhatsApp For Business<\/p>\t\t\t\t\t\t\t\t<\/div>\n\t\t\t\t<\/div>\n\t\t\t\t\t<\/div>\n\t\t<\/div>\n\t\t\t\t<div class=\"elementor-column elementor-col-25 elementor-top-column elementor-element elementor-element-4ef9074\" data-id=\"4ef9074\" data-element_type=\"column\" data-e-type=\"column\">\n\t\t\t<div class=\"elementor-widget-wrap elementor-element-populated\">\n\t\t\t\t\t\t<div class=\"elementor-element elementor-element-102c329 elementor-view-default elementor-widget elementor-widget-icon\" data-id=\"102c329\" data-element_type=\"widget\" data-e-type=\"widget\" data-widget_type=\"icon.default\">\n\t\t\t\t<div class=\"elementor-widget-container\">\n\t\t\t\t\t\t\t<div class=\"elementor-icon-wrapper\">\n\t\t\t<a class=\"elementor-icon\" href=\"https:\/\/www.linkedin.com\/company\/dci-ltd\/about\/\" target=\"_blank\">\n\t\t\t<i aria-hidden=\"true\" class=\"fab fa-linkedin-in\"><\/i>\t\t\t<\/a>\n\t\t<\/div>\n\t\t\t\t\t\t<\/div>\n\t\t\t\t<\/div>\n\t\t\t\t<div class=\"elementor-element elementor-element-c72f08f elementor-view-default elementor-widget elementor-widget-icon\" data-id=\"c72f08f\" data-element_type=\"widget\" data-e-type=\"widget\" data-widget_type=\"icon.default\">\n\t\t\t\t<div class=\"elementor-widget-container\">\n\t\t\t\t\t\t\t<div class=\"elementor-icon-wrapper\">\n\t\t\t<a class=\"elementor-icon\" href=\"https:\/\/api.whatsapp.com\/send?phone=+33683392173\" target=\"_blank\">\n\t\t\t<i aria-hidden=\"true\" class=\"fab fa-whatsapp\"><\/i>\t\t\t<\/a>\n\t\t<\/div>\n\t\t\t\t\t\t<\/div>\n\t\t\t\t<\/div>\n\t\t\t\t<div class=\"elementor-element elementor-element-aba605e elementor-widget elementor-widget-text-editor\" data-id=\"aba605e\" data-element_type=\"widget\" data-e-type=\"widget\" data-widget_type=\"text-editor.default\">\n\t\t\t\t<div class=\"elementor-widget-container\">\n\t\t\t\t\t\t\t\t\t<p style=\"text-align: center;\">Patrick Lemarie Consulting Traducci\u00f3n del franc\u00e9s al ingl\u00e9s Clases de franc\u00e9s<\/p>\t\t\t\t\t\t\t\t<\/div>\n\t\t\t\t<\/div>\n\t\t\t\t\t<\/div>\n\t\t<\/div>\n\t\t\t\t<div class=\"elementor-column elementor-col-25 elementor-top-column elementor-element elementor-element-7190e58\" data-id=\"7190e58\" data-element_type=\"column\" data-e-type=\"column\">\n\t\t\t<div class=\"elementor-widget-wrap elementor-element-populated\">\n\t\t\t\t\t\t<div class=\"elementor-element elementor-element-80709db elementor-view-default elementor-widget elementor-widget-icon\" data-id=\"80709db\" data-element_type=\"widget\" data-e-type=\"widget\" data-widget_type=\"icon.default\">\n\t\t\t\t<div class=\"elementor-widget-container\">\n\t\t\t\t\t\t\t<div class=\"elementor-icon-wrapper\">\n\t\t\t<a class=\"elementor-icon\" href=\"https:\/\/www.linkedin.com\/company\/dci-ltd\/about\/\" target=\"_blank\">\n\t\t\t<i aria-hidden=\"true\" class=\"fab fa-skype\"><\/i>\t\t\t<\/a>\n\t\t<\/div>\n\t\t\t\t\t\t<\/div>\n\t\t\t\t<\/div>\n\t\t\t\t<div class=\"elementor-element elementor-element-dbf4285 elementor-widget elementor-widget-text-editor\" data-id=\"dbf4285\" data-element_type=\"widget\" data-e-type=\"widget\" data-widget_type=\"text-editor.default\">\n\t\t\t\t<div class=\"elementor-widget-container\">\n\t\t\t\t\t\t\t\t\t<p style=\"text-align: center;\">pat_fr76 &#8211;\u00a0<span style=\"font-size: inherit;\">Translating and Teaching<\/span><\/p>\t\t\t\t\t\t\t\t<\/div>\n\t\t\t\t<\/div>\n\t\t\t\t\t<\/div>\n\t\t<\/div>\n\t\t\t\t\t<\/div>\n\t\t<\/section>\n\t\t\t\t<\/div>","protected":false},"excerpt":{"rendered":"<p>Entrons en contact Vous pouvez me contacter en utilisant le formulaire de contact\u00a0 ici. \u00a0 Je vous r\u00e9pondrai dans les meilleurs d\u00e9lais. Afin de mieux vous connaitre et bien comprendre votre demande et vos attentes, je vous propose de me les exposer ici. Je prendrai ensuite rendez-vous avec vous pour [&hellip;]<\/p>","protected":false},"author":1,"featured_media":0,"parent":0,"menu_order":6,"comment_status":"closed","ping_status":"closed","template":"elementor_header_footer","meta":{"_monsterinsights_skip_tracking":false,"_monsterinsights_sitenote_active":false,"_monsterinsights_sitenote_note":"","_monsterinsights_sitenote_category":0,"footnotes":""},"class_list":["post-2","page","type-page","status-publish","hentry"],"yoast_head":"<!-- This site is optimized with the Yoast SEO Premium plugin v26.7 (Yoast SEO v26.7) - https:\/\/yoast.com\/wordpress\/plugins\/seo\/ -->\n<title>Contact | Patrick Lemarie Consulting<\/title>\n<meta name=\"description\" content=\"Vous souhaitez obtenir des informations sur une prestation ou collaborer avec notre agence de traduction ? Contactez-nous d\u00e8s maintenant.\" \/>\n<meta name=\"robots\" content=\"index, follow, max-snippet:-1, max-image-preview:large, max-video-preview:-1\" \/>\n<link rel=\"canonical\" href=\"https:\/\/patrick-lemarie-consulting.com\/es\/contact\/\" \/>\n<meta property=\"og:locale\" content=\"es_ES\" \/>\n<meta property=\"og:type\" content=\"article\" \/>\n<meta property=\"og:title\" content=\"Contact\" \/>\n<meta property=\"og:description\" content=\"Vous souhaitez obtenir des informations sur une prestation ou collaborer avec notre agence de traduction ? Contactez-nous d\u00e8s maintenant.\" \/>\n<meta property=\"og:url\" content=\"https:\/\/patrick-lemarie-consulting.com\/es\/contact\/\" \/>\n<meta property=\"og:site_name\" content=\"Patrick Lemarie Consulting\" \/>\n<meta property=\"article:modified_time\" content=\"2025-01-13T10:26:29+00:00\" \/>\n<meta name=\"twitter:label1\" content=\"Tiempo de lectura\" \/>\n\t<meta name=\"twitter:data1\" content=\"1 minuto\" \/>\n<script type=\"application\/ld+json\" class=\"yoast-schema-graph\">{\"@context\":\"https:\/\/schema.org\",\"@graph\":[{\"@type\":\"WebPage\",\"@id\":\"https:\/\/patrick-lemarie-consulting.com\/contact\/\",\"url\":\"https:\/\/patrick-lemarie-consulting.com\/contact\/\",\"name\":\"Contact | Patrick Lemarie Consulting\",\"isPartOf\":{\"@id\":\"https:\/\/patrick-lemarie-consulting.com\/#website\"},\"datePublished\":\"2014-07-19T13:21:03+00:00\",\"dateModified\":\"2025-01-13T10:26:29+00:00\",\"description\":\"Vous souhaitez obtenir des informations sur une prestation ou collaborer avec notre agence de traduction ? Contactez-nous d\u00e8s maintenant.\",\"breadcrumb\":{\"@id\":\"https:\/\/patrick-lemarie-consulting.com\/contact\/#breadcrumb\"},\"inLanguage\":\"es\",\"potentialAction\":[{\"@type\":\"ReadAction\",\"target\":[\"https:\/\/patrick-lemarie-consulting.com\/contact\/\"]}]},{\"@type\":\"BreadcrumbList\",\"@id\":\"https:\/\/patrick-lemarie-consulting.com\/contact\/#breadcrumb\",\"itemListElement\":[{\"@type\":\"ListItem\",\"position\":1,\"name\":\"Accueil\",\"item\":\"https:\/\/patrick-lemarie-consulting.com\/\"},{\"@type\":\"ListItem\",\"position\":2,\"name\":\"Contact\"}]},{\"@type\":\"WebSite\",\"@id\":\"https:\/\/patrick-lemarie-consulting.com\/#website\",\"url\":\"https:\/\/patrick-lemarie-consulting.com\/\",\"name\":\"Patrick Lemarie Consulting\",\"description\":\"Un pont entre les cultures et les langues\",\"publisher\":{\"@id\":\"https:\/\/patrick-lemarie-consulting.com\/#organization\"},\"potentialAction\":[{\"@type\":\"SearchAction\",\"target\":{\"@type\":\"EntryPoint\",\"urlTemplate\":\"https:\/\/patrick-lemarie-consulting.com\/?s={search_term_string}\"},\"query-input\":{\"@type\":\"PropertyValueSpecification\",\"valueRequired\":true,\"valueName\":\"search_term_string\"}}],\"inLanguage\":\"es\"},{\"@type\":\"Organization\",\"@id\":\"https:\/\/patrick-lemarie-consulting.com\/#organization\",\"name\":\"PATRICK LEMARIE CONSULTING\",\"url\":\"https:\/\/patrick-lemarie-consulting.com\/\",\"logo\":{\"@type\":\"ImageObject\",\"inLanguage\":\"es\",\"@id\":\"https:\/\/patrick-lemarie-consulting.com\/#\/schema\/logo\/image\/\",\"url\":\"https:\/\/patrick-lemarie-consulting.com\/wp-content\/uploads\/2018\/04\/Fichier-1-1-1.png\",\"contentUrl\":\"https:\/\/patrick-lemarie-consulting.com\/wp-content\/uploads\/2018\/04\/Fichier-1-1-1.png\",\"width\":174,\"height\":50,\"caption\":\"PATRICK LEMARIE CONSULTING\"},\"image\":{\"@id\":\"https:\/\/patrick-lemarie-consulting.com\/#\/schema\/logo\/image\/\"},\"sameAs\":[\"https:\/\/x.com\/PL_Formation\",\"https:\/\/www.linkedin.com\/in\/patricklemarieconsulting\/\"]}]}<\/script>\n<!-- \/ Yoast SEO Premium plugin. -->","yoast_head_json":{"title":"Contact | Patrick Lemarie Consulting","description":"Vous souhaitez obtenir des informations sur une prestation ou collaborer avec notre agence de traduction ? Contactez-nous d\u00e8s maintenant.","robots":{"index":"index","follow":"follow","max-snippet":"max-snippet:-1","max-image-preview":"max-image-preview:large","max-video-preview":"max-video-preview:-1"},"canonical":"https:\/\/patrick-lemarie-consulting.com\/es\/contact\/","og_locale":"es_ES","og_type":"article","og_title":"Contact","og_description":"Vous souhaitez obtenir des informations sur une prestation ou collaborer avec notre agence de traduction ? Contactez-nous d\u00e8s maintenant.","og_url":"https:\/\/patrick-lemarie-consulting.com\/es\/contact\/","og_site_name":"Patrick Lemarie Consulting","article_modified_time":"2025-01-13T10:26:29+00:00","twitter_misc":{"Tiempo de lectura":"1 minuto"},"schema":{"@context":"https:\/\/schema.org","@graph":[{"@type":"WebPage","@id":"https:\/\/patrick-lemarie-consulting.com\/contact\/","url":"https:\/\/patrick-lemarie-consulting.com\/contact\/","name":"Contact | Patrick Lemarie Consulting","isPartOf":{"@id":"https:\/\/patrick-lemarie-consulting.com\/#website"},"datePublished":"2014-07-19T13:21:03+00:00","dateModified":"2025-01-13T10:26:29+00:00","description":"Vous souhaitez obtenir des informations sur une prestation ou collaborer avec notre agence de traduction ? Contactez-nous d\u00e8s maintenant.","breadcrumb":{"@id":"https:\/\/patrick-lemarie-consulting.com\/contact\/#breadcrumb"},"inLanguage":"es","potentialAction":[{"@type":"ReadAction","target":["https:\/\/patrick-lemarie-consulting.com\/contact\/"]}]},{"@type":"BreadcrumbList","@id":"https:\/\/patrick-lemarie-consulting.com\/contact\/#breadcrumb","itemListElement":[{"@type":"ListItem","position":1,"name":"Accueil","item":"https:\/\/patrick-lemarie-consulting.com\/"},{"@type":"ListItem","position":2,"name":"Contact"}]},{"@type":"WebSite","@id":"https:\/\/patrick-lemarie-consulting.com\/#website","url":"https:\/\/patrick-lemarie-consulting.com\/","name":"Patrick Lemarie Consulting Traducci\u00f3n del franc\u00e9s al ingl\u00e9s Clases de franc\u00e9s","description":"Un puente entre culturas y idiomas","publisher":{"@id":"https:\/\/patrick-lemarie-consulting.com\/#organization"},"potentialAction":[{"@type":"SearchAction","target":{"@type":"EntryPoint","urlTemplate":"https:\/\/patrick-lemarie-consulting.com\/?s={search_term_string}"},"query-input":{"@type":"PropertyValueSpecification","valueRequired":true,"valueName":"search_term_string"}}],"inLanguage":"es"},{"@type":"Organization","@id":"https:\/\/patrick-lemarie-consulting.com\/#organization","name":"PATRICK LEMARIE CONSULTING","url":"https:\/\/patrick-lemarie-consulting.com\/","logo":{"@type":"ImageObject","inLanguage":"es","@id":"https:\/\/patrick-lemarie-consulting.com\/#\/schema\/logo\/image\/","url":"https:\/\/patrick-lemarie-consulting.com\/wp-content\/uploads\/2018\/04\/Fichier-1-1-1.png","contentUrl":"https:\/\/patrick-lemarie-consulting.com\/wp-content\/uploads\/2018\/04\/Fichier-1-1-1.png","width":174,"height":50,"caption":"PATRICK LEMARIE CONSULTING"},"image":{"@id":"https:\/\/patrick-lemarie-consulting.com\/#\/schema\/logo\/image\/"},"sameAs":["https:\/\/x.com\/PL_Formation","https:\/\/www.linkedin.com\/in\/patricklemarieconsulting\/"]}]}},"_links":{"self":[{"href":"https:\/\/patrick-lemarie-consulting.com\/es\/wp-json\/wp\/v2\/pages\/2","targetHints":{"allow":["GET"]}}],"collection":[{"href":"https:\/\/patrick-lemarie-consulting.com\/es\/wp-json\/wp\/v2\/pages"}],"about":[{"href":"https:\/\/patrick-lemarie-consulting.com\/es\/wp-json\/wp\/v2\/types\/page"}],"author":[{"embeddable":true,"href":"https:\/\/patrick-lemarie-consulting.com\/es\/wp-json\/wp\/v2\/users\/1"}],"replies":[{"embeddable":true,"href":"https:\/\/patrick-lemarie-consulting.com\/es\/wp-json\/wp\/v2\/comments?post=2"}],"version-history":[{"count":92,"href":"https:\/\/patrick-lemarie-consulting.com\/es\/wp-json\/wp\/v2\/pages\/2\/revisions"}],"predecessor-version":[{"id":6545,"href":"https:\/\/patrick-lemarie-consulting.com\/es\/wp-json\/wp\/v2\/pages\/2\/revisions\/6545"}],"wp:attachment":[{"href":"https:\/\/patrick-lemarie-consulting.com\/es\/wp-json\/wp\/v2\/media?parent=2"}],"curies":[{"name":"wp","href":"https:\/\/api.w.org\/{rel}","templated":true}]}}