{"id":5930,"date":"2022-12-07T10:48:29","date_gmt":"2022-12-07T08:48:29","guid":{"rendered":"https:\/\/patrick-lemarie-consulting.com\/?page_id=5930"},"modified":"2025-04-26T10:26:46","modified_gmt":"2025-04-26T08:26:46","slug":"charte-ethique","status":"publish","type":"page","link":"https:\/\/patrick-lemarie-consulting.com\/en\/charte-ethique\/","title":{"rendered":"Ethical charter"},"content":{"rendered":"<div data-elementor-type=\"wp-page\" data-elementor-id=\"5930\" class=\"elementor elementor-5930\">\n\t\t\t\t\t\t<section class=\"elementor-section elementor-top-section elementor-element elementor-element-7e4b2c23 elementor-section-boxed elementor-section-height-default elementor-section-height-default\" data-id=\"7e4b2c23\" data-element_type=\"section\" data-e-type=\"section\">\n\t\t\t\t\t\t<div class=\"elementor-container elementor-column-gap-default\">\n\t\t\t\t\t<div class=\"elementor-column elementor-col-100 elementor-top-column elementor-element elementor-element-260180d\" data-id=\"260180d\" data-element_type=\"column\" data-e-type=\"column\">\n\t\t\t<div class=\"elementor-widget-wrap elementor-element-populated\">\n\t\t\t\t\t\t<div class=\"elementor-element elementor-element-5520aa5f elementor-widget elementor-widget-text-editor\" data-id=\"5520aa5f\" data-element_type=\"widget\" data-e-type=\"widget\" data-widget_type=\"text-editor.default\">\n\t\t\t\t<div class=\"elementor-widget-container\">\n\t\t\t\t\t\t\t\t\t<figure><a href=\"https:\/\/patrick-lemarie-consulting.com\/wp-content\/uploads\/2022\/12\/Patrick-Lemarie-Consulting-Formation-anglais-PIPPLET.png\"><img decoding=\"async\" src=\"https:\/\/patrick-lemarie-consulting.com\/wp-content\/uploads\/2022\/12\/Patrick-Lemarie-Consulting-Formation-anglais-PIPPLET-300x86.png\" alt=\"Charte \u00e9thique et Politique Cadeaux et invitations Patrick Lemari\u00e9 Consulting\" title=\"Patrick Lemari\u00e9 Consulting Charte Ethique et Politique Cadeaux et Invitations\"><\/a><\/figure>\n<p><!-- \/wp:image --><\/p>\n<p><!-- wp:heading {\"textAlign\":\"center\",\"level\":3} --><\/p>\n<h3><\/h3>\n<p><!-- \/wp:image --><\/p>\n<p><!-- wp:heading --><\/p>\n<h2>Pour la Charte Ethique du site web https:\/\/patrick-lemarie-consulting.com<\/h2>\n<h2>nous vous remercions de consulter La Charte Ethique de la Soci\u00e9t\u00e9&nbsp; Lemari\u00e9 Consulting International SARLU, administratrice du site<\/h2>\n<h2>web https:\/\/patrick-lemarie-consulting.com<\/h2>\n<h2><\/h2>\n<h2><a href=\"https:\/\/lemarie-consulting-international.com\/charte-ethique\" target=\"_blank\" rel=\"noopener\">https:\/\/lemarie-consulting-international.com\/charte-ethique<\/a><\/h2>\n<div><\/div>\n<div>Actualis\u00e9 le 26 4 2025<\/div>\n<div><\/div>\n<p><!-- \/wp:paragraph --><\/p>\t\t\t\t\t\t\t\t<\/div>\n\t\t\t\t<\/div>\n\t\t\t\t\t<\/div>\n\t\t<\/div>\n\t\t\t\t\t<\/div>\n\t\t<\/section>\n\t\t\t\t<\/div>","protected":false},"excerpt":{"rendered":"<p>Pour la Charte Ethique du site web https:\/\/patrick-lemarie-consulting.com nous vous remercions de consulter La Charte Ethique de la Soci\u00e9t\u00e9&nbsp; Lemari\u00e9 Consulting International SARLU, administratrice du site web https:\/\/patrick-lemarie-consulting.com https:\/\/lemarie-consulting-international.com\/charte-ethique Actualis\u00e9 le 26 4 2025<\/p>","protected":false},"author":1,"featured_media":5836,"parent":0,"menu_order":0,"comment_status":"closed","ping_status":"closed","template":"","meta":{"_monsterinsights_skip_tracking":false,"_monsterinsights_sitenote_active":false,"_monsterinsights_sitenote_note":"","_monsterinsights_sitenote_category":0,"footnotes":""},"class_list":["post-5930","page","type-page","status-publish","has-post-thumbnail","hentry"],"yoast_head":"<!-- This site is optimized with the Yoast SEO Premium plugin v26.7 (Yoast SEO v26.7) - https:\/\/yoast.com\/wordpress\/plugins\/seo\/ -->\n<title>Charte Ethique - Patrick Lemarie Consulting<\/title>\n<meta name=\"description\" content=\"Charte Ethique et Politique Cadeaux et invitations de de l&#039;entreprise Patrick Lemari\u00e9 Consulting. Formation, conseil et traduction\" \/>\n<meta name=\"robots\" content=\"index, follow, max-snippet:-1, max-image-preview:large, max-video-preview:-1\" \/>\n<link rel=\"canonical\" href=\"https:\/\/patrick-lemarie-consulting.com\/en\/charte-ethique\/\" \/>\n<meta property=\"og:locale\" content=\"en_GB\" \/>\n<meta property=\"og:type\" content=\"article\" \/>\n<meta property=\"og:title\" content=\"Charte Ethique\" \/>\n<meta property=\"og:description\" content=\"Charte Ethique et Politique Cadeaux et invitations de de l&#039;entreprise Patrick Lemari\u00e9 Consulting. Formation, conseil et traduction\" \/>\n<meta property=\"og:url\" content=\"https:\/\/patrick-lemarie-consulting.com\/en\/charte-ethique\/\" \/>\n<meta property=\"og:site_name\" content=\"Patrick Lemarie Consulting\" \/>\n<meta property=\"article:modified_time\" content=\"2025-04-26T08:26:46+00:00\" \/>\n<meta property=\"og:image\" content=\"https:\/\/patrick-lemarie-consulting.com\/wp-content\/uploads\/2022\/02\/Patrick-Lemarie-in-Plovdiv-Bulgaria-August-2021.jpg\" \/>\n\t<meta property=\"og:image:width\" content=\"1200\" \/>\n\t<meta property=\"og:image:height\" content=\"1600\" \/>\n\t<meta property=\"og:image:type\" content=\"image\/jpeg\" \/>\n<meta name=\"twitter:label1\" content=\"Estimated reading time\" \/>\n\t<meta name=\"twitter:data1\" content=\"1 minute\" \/>\n<script type=\"application\/ld+json\" class=\"yoast-schema-graph\">{\"@context\":\"https:\/\/schema.org\",\"@graph\":[{\"@type\":\"WebPage\",\"@id\":\"https:\/\/patrick-lemarie-consulting.com\/charte-ethique\/\",\"url\":\"https:\/\/patrick-lemarie-consulting.com\/charte-ethique\/\",\"name\":\"Charte Ethique - Patrick Lemarie Consulting\",\"isPartOf\":{\"@id\":\"https:\/\/patrick-lemarie-consulting.com\/#website\"},\"primaryImageOfPage\":{\"@id\":\"https:\/\/patrick-lemarie-consulting.com\/charte-ethique\/#primaryimage\"},\"image\":{\"@id\":\"https:\/\/patrick-lemarie-consulting.com\/charte-ethique\/#primaryimage\"},\"thumbnailUrl\":\"https:\/\/patrick-lemarie-consulting.com\/wp-content\/uploads\/2022\/02\/Patrick-Lemarie-in-Plovdiv-Bulgaria-August-2021.jpg\",\"datePublished\":\"2022-12-07T08:48:29+00:00\",\"dateModified\":\"2025-04-26T08:26:46+00:00\",\"description\":\"Charte Ethique et Politique Cadeaux et invitations de de l'entreprise Patrick Lemari\u00e9 Consulting. Formation, conseil et traduction\",\"breadcrumb\":{\"@id\":\"https:\/\/patrick-lemarie-consulting.com\/charte-ethique\/#breadcrumb\"},\"inLanguage\":\"en-GB\",\"potentialAction\":[{\"@type\":\"ReadAction\",\"target\":[\"https:\/\/patrick-lemarie-consulting.com\/charte-ethique\/\"]}]},{\"@type\":\"ImageObject\",\"inLanguage\":\"en-GB\",\"@id\":\"https:\/\/patrick-lemarie-consulting.com\/charte-ethique\/#primaryimage\",\"url\":\"https:\/\/patrick-lemarie-consulting.com\/wp-content\/uploads\/2022\/02\/Patrick-Lemarie-in-Plovdiv-Bulgaria-August-2021.jpg\",\"contentUrl\":\"https:\/\/patrick-lemarie-consulting.com\/wp-content\/uploads\/2022\/02\/Patrick-Lemarie-in-Plovdiv-Bulgaria-August-2021.jpg\",\"width\":1200,\"height\":1600,\"caption\":\"Patrick Lemari\u00e9 Digital Nomad in Plovdiv Bulgaria\"},{\"@type\":\"BreadcrumbList\",\"@id\":\"https:\/\/patrick-lemarie-consulting.com\/charte-ethique\/#breadcrumb\",\"itemListElement\":[{\"@type\":\"ListItem\",\"position\":1,\"name\":\"Accueil\",\"item\":\"https:\/\/patrick-lemarie-consulting.com\/\"},{\"@type\":\"ListItem\",\"position\":2,\"name\":\"Charte Ethique\"}]},{\"@type\":\"WebSite\",\"@id\":\"https:\/\/patrick-lemarie-consulting.com\/#website\",\"url\":\"https:\/\/patrick-lemarie-consulting.com\/\",\"name\":\"Patrick Lemarie Consulting\",\"description\":\"Un pont entre les cultures et les langues\",\"publisher\":{\"@id\":\"https:\/\/patrick-lemarie-consulting.com\/#organization\"},\"potentialAction\":[{\"@type\":\"SearchAction\",\"target\":{\"@type\":\"EntryPoint\",\"urlTemplate\":\"https:\/\/patrick-lemarie-consulting.com\/?s={search_term_string}\"},\"query-input\":{\"@type\":\"PropertyValueSpecification\",\"valueRequired\":true,\"valueName\":\"search_term_string\"}}],\"inLanguage\":\"en-GB\"},{\"@type\":\"Organization\",\"@id\":\"https:\/\/patrick-lemarie-consulting.com\/#organization\",\"name\":\"PATRICK LEMARIE CONSULTING\",\"url\":\"https:\/\/patrick-lemarie-consulting.com\/\",\"logo\":{\"@type\":\"ImageObject\",\"inLanguage\":\"en-GB\",\"@id\":\"https:\/\/patrick-lemarie-consulting.com\/#\/schema\/logo\/image\/\",\"url\":\"https:\/\/patrick-lemarie-consulting.com\/wp-content\/uploads\/2018\/04\/Fichier-1-1-1.png\",\"contentUrl\":\"https:\/\/patrick-lemarie-consulting.com\/wp-content\/uploads\/2018\/04\/Fichier-1-1-1.png\",\"width\":174,\"height\":50,\"caption\":\"PATRICK LEMARIE CONSULTING\"},\"image\":{\"@id\":\"https:\/\/patrick-lemarie-consulting.com\/#\/schema\/logo\/image\/\"},\"sameAs\":[\"https:\/\/x.com\/PL_Formation\",\"https:\/\/www.linkedin.com\/in\/patricklemarieconsulting\/\"]}]}<\/script>\n<!-- \/ Yoast SEO Premium plugin. -->","yoast_head_json":{"title":"Charte Ethique - Patrick Lemarie Consulting","description":"Charte Ethique et Politique Cadeaux et invitations de de l'entreprise Patrick Lemari\u00e9 Consulting. Formation, conseil et traduction","robots":{"index":"index","follow":"follow","max-snippet":"max-snippet:-1","max-image-preview":"max-image-preview:large","max-video-preview":"max-video-preview:-1"},"canonical":"https:\/\/patrick-lemarie-consulting.com\/en\/charte-ethique\/","og_locale":"en_GB","og_type":"article","og_title":"Charte Ethique","og_description":"Charte Ethique et Politique Cadeaux et invitations de de l'entreprise Patrick Lemari\u00e9 Consulting. Formation, conseil et traduction","og_url":"https:\/\/patrick-lemarie-consulting.com\/en\/charte-ethique\/","og_site_name":"Patrick Lemarie Consulting","article_modified_time":"2025-04-26T08:26:46+00:00","og_image":[{"width":1200,"height":1600,"url":"https:\/\/patrick-lemarie-consulting.com\/wp-content\/uploads\/2022\/02\/Patrick-Lemarie-in-Plovdiv-Bulgaria-August-2021.jpg","type":"image\/jpeg"}],"twitter_misc":{"Estimated reading time":"1 minute"},"schema":{"@context":"https:\/\/schema.org","@graph":[{"@type":"WebPage","@id":"https:\/\/patrick-lemarie-consulting.com\/charte-ethique\/","url":"https:\/\/patrick-lemarie-consulting.com\/charte-ethique\/","name":"Charte Ethique - Patrick Lemarie Consulting","isPartOf":{"@id":"https:\/\/patrick-lemarie-consulting.com\/#website"},"primaryImageOfPage":{"@id":"https:\/\/patrick-lemarie-consulting.com\/charte-ethique\/#primaryimage"},"image":{"@id":"https:\/\/patrick-lemarie-consulting.com\/charte-ethique\/#primaryimage"},"thumbnailUrl":"https:\/\/patrick-lemarie-consulting.com\/wp-content\/uploads\/2022\/02\/Patrick-Lemarie-in-Plovdiv-Bulgaria-August-2021.jpg","datePublished":"2022-12-07T08:48:29+00:00","dateModified":"2025-04-26T08:26:46+00:00","description":"Charte Ethique et Politique Cadeaux et invitations de de l'entreprise Patrick Lemari\u00e9 Consulting. Formation, conseil et traduction","breadcrumb":{"@id":"https:\/\/patrick-lemarie-consulting.com\/charte-ethique\/#breadcrumb"},"inLanguage":"en-GB","potentialAction":[{"@type":"ReadAction","target":["https:\/\/patrick-lemarie-consulting.com\/charte-ethique\/"]}]},{"@type":"ImageObject","inLanguage":"en-GB","@id":"https:\/\/patrick-lemarie-consulting.com\/charte-ethique\/#primaryimage","url":"https:\/\/patrick-lemarie-consulting.com\/wp-content\/uploads\/2022\/02\/Patrick-Lemarie-in-Plovdiv-Bulgaria-August-2021.jpg","contentUrl":"https:\/\/patrick-lemarie-consulting.com\/wp-content\/uploads\/2022\/02\/Patrick-Lemarie-in-Plovdiv-Bulgaria-August-2021.jpg","width":1200,"height":1600,"caption":"Patrick Lemari\u00e9 Digital Nomad in Plovdiv Bulgaria"},{"@type":"BreadcrumbList","@id":"https:\/\/patrick-lemarie-consulting.com\/charte-ethique\/#breadcrumb","itemListElement":[{"@type":"ListItem","position":1,"name":"Accueil","item":"https:\/\/patrick-lemarie-consulting.com\/"},{"@type":"ListItem","position":2,"name":"Charte Ethique"}]},{"@type":"WebSite","@id":"https:\/\/patrick-lemarie-consulting.com\/#website","url":"https:\/\/patrick-lemarie-consulting.com\/","name":"Patrick Lemarie Consulting","description":"A bridge between cultures and languages","publisher":{"@id":"https:\/\/patrick-lemarie-consulting.com\/#organization"},"potentialAction":[{"@type":"SearchAction","target":{"@type":"EntryPoint","urlTemplate":"https:\/\/patrick-lemarie-consulting.com\/?s={search_term_string}"},"query-input":{"@type":"PropertyValueSpecification","valueRequired":true,"valueName":"search_term_string"}}],"inLanguage":"en-GB"},{"@type":"Organization","@id":"https:\/\/patrick-lemarie-consulting.com\/#organization","name":"PATRICK LEMARIE CONSULTING","url":"https:\/\/patrick-lemarie-consulting.com\/","logo":{"@type":"ImageObject","inLanguage":"en-GB","@id":"https:\/\/patrick-lemarie-consulting.com\/#\/schema\/logo\/image\/","url":"https:\/\/patrick-lemarie-consulting.com\/wp-content\/uploads\/2018\/04\/Fichier-1-1-1.png","contentUrl":"https:\/\/patrick-lemarie-consulting.com\/wp-content\/uploads\/2018\/04\/Fichier-1-1-1.png","width":174,"height":50,"caption":"PATRICK LEMARIE CONSULTING"},"image":{"@id":"https:\/\/patrick-lemarie-consulting.com\/#\/schema\/logo\/image\/"},"sameAs":["https:\/\/x.com\/PL_Formation","https:\/\/www.linkedin.com\/in\/patricklemarieconsulting\/"]}]}},"_links":{"self":[{"href":"https:\/\/patrick-lemarie-consulting.com\/en\/wp-json\/wp\/v2\/pages\/5930","targetHints":{"allow":["GET"]}}],"collection":[{"href":"https:\/\/patrick-lemarie-consulting.com\/en\/wp-json\/wp\/v2\/pages"}],"about":[{"href":"https:\/\/patrick-lemarie-consulting.com\/en\/wp-json\/wp\/v2\/types\/page"}],"author":[{"embeddable":true,"href":"https:\/\/patrick-lemarie-consulting.com\/en\/wp-json\/wp\/v2\/users\/1"}],"replies":[{"embeddable":true,"href":"https:\/\/patrick-lemarie-consulting.com\/en\/wp-json\/wp\/v2\/comments?post=5930"}],"version-history":[{"count":45,"href":"https:\/\/patrick-lemarie-consulting.com\/en\/wp-json\/wp\/v2\/pages\/5930\/revisions"}],"predecessor-version":[{"id":6549,"href":"https:\/\/patrick-lemarie-consulting.com\/en\/wp-json\/wp\/v2\/pages\/5930\/revisions\/6549"}],"wp:featuredmedia":[{"embeddable":true,"href":"https:\/\/patrick-lemarie-consulting.com\/en\/wp-json\/wp\/v2\/media\/5836"}],"wp:attachment":[{"href":"https:\/\/patrick-lemarie-consulting.com\/en\/wp-json\/wp\/v2\/media?parent=5930"}],"curies":[{"name":"wp","href":"https:\/\/api.w.org\/{rel}","templated":true}]}}